{"id":3282,"date":"2021-10-28T20:41:21","date_gmt":"2021-10-28T20:41:21","guid":{"rendered":"https:\/\/focal24.com\/?page_id=3282"},"modified":"2022-01-16T22:45:40","modified_gmt":"2022-01-16T22:45:40","slug":"full-resolution-downloads","status":"publish","type":"page","link":"https:\/\/focal24.com\/index.php\/full-resolution-downloads\/","title":{"rendered":"DESCARGAS EN ALTA RESOLUCION"},"content":{"rendered":"\n<p>Pide las fotos que desees mandando un correo a:<\/p>\n\n\n\n<p class=\"has-text-align-center has-text-color has-large-font-size\" style=\"color:#0000ff\"><a href=\"https:\/\/focal24.com\/index.php\/contacto\/\" title=\"CONTACTO\">admin@focal24.com<\/a><\/p>\n\n\n\n<p>El coste es <strong>2,5 \u20ac <\/strong>por foto (para uso personal), el pago es por BIZUM y en unas 24 horas las tendr\u00e1s disponibles durante 15 dias para descargarlas mediante una clave de acceso. Los ajustes de cada foto se revisar\u00e1n para lograr un resultado \u00f3ptimo.<\/p>\n\n\n\n<p>Algunos ejemplos gratis&#8230;.<\/p>\n","protected":false},"excerpt":{"rendered":"<p>Pide las fotos que desees mandando un correo a: admin@focal24.com El coste es 2,5 \u20ac por foto (para uso personal), el pago es por BIZUM y en unas 24 horas las tendr\u00e1s disponibles durante 15 dias para descargarlas mediante una clave de acceso. Los ajustes de cada foto se revisar\u00e1n para lograr un resultado \u00f3ptimo. [&hellip;]<\/p>\n","protected":false},"author":1,"featured_media":0,"parent":0,"menu_order":2,"comment_status":"closed","ping_status":"closed","template":"template-galleries.php","meta":{"footnotes":""},"class_list":["post-3282","page","type-page","status-publish","hentry"],"aioseo_notices":[],"_links":{"self":[{"href":"https:\/\/focal24.com\/index.php\/wp-json\/wp\/v2\/pages\/3282","targetHints":{"allow":["GET"]}}],"collection":[{"href":"https:\/\/focal24.com\/index.php\/wp-json\/wp\/v2\/pages"}],"about":[{"href":"https:\/\/focal24.com\/index.php\/wp-json\/wp\/v2\/types\/page"}],"author":[{"embeddable":true,"href":"https:\/\/focal24.com\/index.php\/wp-json\/wp\/v2\/users\/1"}],"replies":[{"embeddable":true,"href":"https:\/\/focal24.com\/index.php\/wp-json\/wp\/v2\/comments?post=3282"}],"version-history":[{"count":32,"href":"https:\/\/focal24.com\/index.php\/wp-json\/wp\/v2\/pages\/3282\/revisions"}],"predecessor-version":[{"id":8174,"href":"https:\/\/focal24.com\/index.php\/wp-json\/wp\/v2\/pages\/3282\/revisions\/8174"}],"wp:attachment":[{"href":"https:\/\/focal24.com\/index.php\/wp-json\/wp\/v2\/media?parent=3282"}],"curies":[{"name":"wp","href":"https:\/\/api.w.org\/{rel}","templated":true}]}}